{"id":9,"date":"2018-08-25T09:31:59","date_gmt":"2018-08-25T09:31:59","guid":{"rendered":"http:\/\/www.2000aldrig.se\/?page_id=9"},"modified":"2018-08-25T09:40:46","modified_gmt":"2018-08-25T09:40:46","slug":"om-oss","status":"publish","type":"page","link":"https:\/\/www.2000aldrig.se\/?page_id=9","title":{"rendered":"Om oss"},"content":{"rendered":"<p><a href=\"http:\/\/www.2000aldrig.se\/wp-content\/uploads\/2018\/08\/2000.png\"><img decoding=\"async\" loading=\"lazy\" class=\"alignnone size-full wp-image-12\" src=\"http:\/\/www.2000aldrig.se\/wp-content\/uploads\/2018\/08\/2000.png\" alt=\"\" width=\"940\" height=\"198\" srcset=\"https:\/\/www.2000aldrig.se\/wp-content\/uploads\/2018\/08\/2000.png 940w, https:\/\/www.2000aldrig.se\/wp-content\/uploads\/2018\/08\/2000-300x63.png 300w, https:\/\/www.2000aldrig.se\/wp-content\/uploads\/2018\/08\/2000-768x162.png 768w\" sizes=\"(max-width: 940px) 100vw, 940px\" \/><\/a><\/p>\n<p>Jag heter Johnny och kommer att driva 2000aldrig.se vidare i n\u00e4sta fas tillsammans med Filippa och Jonna, efter att sidan blivit inaktiv. Precis som tidigare skribenter s\u00e5 \u00e4r m\u00e5let f\u00f6ljande:<\/p>\n<p><em>Vi vill roa, oroa och med f\u00f6rstoringsglas samt luskamunders\u00f6ka v\u00e5ra f\u00f6rdomar. Allt detta och om m\u00f6jligt mer d\u00e4rtill vill vi g\u00f6ra med komik \u2013 den enda uttrycksform som vi \u00e5tminstone till h\u00e4lften kan g\u00f6ra oss f\u00f6rst\u00e5dda med. Skulle du, mot f\u00f6rmodan, hitta n\u00e5gonting hos oss som du inte tycker \u00e4r roligt eller inte f\u00f6rst\u00e5r s\u00e5 ber vi dig att i f\u00f6rsta hand rannsaka dig sj\u00e4lv, d\u00e5 det sannolikast beror p\u00e5 att du saknar humor. Det kan inte vi h\u00e5llas ansvariga f\u00f6r naturligtvis.<\/em><\/p>\n<p>Denna text \u00e4r skriven av tidigare skribenter som varit ansvariga f\u00f6r denna webbplats och tanken \u00e4r att forts\u00e4tta p\u00e5 samma bana med vissa f\u00f6r\u00e4ndringar. Bloggen kommer att handla om allt fr\u00e5n samh\u00e4llskritik, resor, bilar och teknik. H\u00e4ng med oss, vi hoppas kunna h\u00e5lla samma h\u00f6ga klass som tidigare skribenter!<\/p>\n<p>\/Johnny<\/p>\n","protected":false},"excerpt":{"rendered":"<p>Jag heter Johnny och kommer att driva 2000aldrig.se vidare i n\u00e4sta fas tillsammans med Filippa och Jonna, efter att sidan [&hellip;]<\/p>\n","protected":false},"author":1,"featured_media":12,"parent":0,"menu_order":0,"comment_status":"closed","ping_status":"closed","template":"","meta":[],"_links":{"self":[{"href":"https:\/\/www.2000aldrig.se\/index.php?rest_route=\/wp\/v2\/pages\/9"}],"collection":[{"href":"https:\/\/www.2000aldrig.se\/index.php?rest_route=\/wp\/v2\/pages"}],"about":[{"href":"https:\/\/www.2000aldrig.se\/index.php?rest_route=\/wp\/v2\/types\/page"}],"author":[{"embeddable":true,"href":"https:\/\/www.2000aldrig.se\/index.php?rest_route=\/wp\/v2\/users\/1"}],"replies":[{"embeddable":true,"href":"https:\/\/www.2000aldrig.se\/index.php?rest_route=%2Fwp%2Fv2%2Fcomments&post=9"}],"version-history":[{"count":4,"href":"https:\/\/www.2000aldrig.se\/index.php?rest_route=\/wp\/v2\/pages\/9\/revisions"}],"predecessor-version":[{"id":14,"href":"https:\/\/www.2000aldrig.se\/index.php?rest_route=\/wp\/v2\/pages\/9\/revisions\/14"}],"wp:featuredmedia":[{"embeddable":true,"href":"https:\/\/www.2000aldrig.se\/index.php?rest_route=\/wp\/v2\/media\/12"}],"wp:attachment":[{"href":"https:\/\/www.2000aldrig.se\/index.php?rest_route=%2Fwp%2Fv2%2Fmedia&parent=9"}],"curies":[{"name":"wp","href":"https:\/\/api.w.org\/{rel}","templated":true}]}}